{"id":28,"date":"2022-02-08T20:01:38","date_gmt":"2022-02-08T20:01:38","guid":{"rendered":"https:\/\/taje-shengal.com\/en\/?page_id=28"},"modified":"2024-02-18T20:56:02","modified_gmt":"2024-02-18T20:56:02","slug":"about-us","status":"publish","type":"page","link":"https:\/\/taje-shengal.com\/en\/about-us\/","title":{"rendered":"About TAJ\u00ca"},"content":{"rendered":"<p><strong>Communal life is built around women. Where women are strong, society is strong. <\/strong><\/p>\n<p>As an answer to the genocide of August 3<sup>rd<\/sup> 2014 and in order to prevent further massacres, \u00cazid\u00ee women have started to organize. At the beginning, in 2015, they acted as a women\u2019s group for supporting and educating women with the goal to strengthen the women\u2019s free will. After more women had come together, they widened their organization. On September 20<sup>th<\/sup>, 2016, the foundation of the Freedom&#8217;s Movement of \u00cazid\u00ee Women (TAJ\u00ca) was officially proclaimed in a congress. It unites \u00cazid\u00ee women from all ages and different places in the \u015eengal region. Based on the slogans \u201cFree women, Free society\u201d and \u201cJin, Jiyan, Azad\u00ee\u201d, TAJ\u00ca works on the basis of the thoughts and philosophy of Abdullah \u00d6calan and his paradigm of Democratic Confederalism and women\u2019s freedom. It sees the liberation of women as the basis for the liberation of the whole society and is therefore at the forefront of the resistance in \u015eengal.<\/p>\n<p>TAJ\u00ca perceives the equality of men and women, democracy among all peoples and the protection of nature as fundamental. It works for a society, which is independent from state structures, by building its own political, economic, social, defense and legal system in all areas of life. Education and women\u2019s academies are considered as an important basis to strengthen the free will and organization of women.<\/p>\n<p>TAJ\u00ca recognizes the Women\u2019s Protection Units in \u015eengal (Yek\u00eeney\u00ean Jin\u00ean \u015eingal\u00ea \u2013 YJ\u015e) as its defense force for the protection of \u00cazid\u00ee women and the whole society. It gives highest priority to the liberation of \u00cazid\u00ee women that have been enslaved by Daesh. In cooperation with the SDF (Syrian Democratic Forces), the Ministry of Women of North and East Syria (NES), the Mala \u00cazid\u00eeyan (\u201cHouse of the \u00cazid\u00ees\u201d) in NES and the \u00cazid\u00ee Women Support League in \u015eengal, around 1.500 \u00cazid\u00ee women have so far been liberated from the hands of Daesh jihadists and reunited with their families.<\/p>\n<p><strong>On Education<\/strong><\/p>\n<p>Education is crucial for a free life, free thought and free will. TAJ\u00ca therefore considers the field of education of women as one of its major and fundamental duties. Through education, women learn about their faith, their history, their society as well as about their enemies. It is essential for women to know that patriarchy and its sexist mentality is the root of all injustice, oppression and domination. Based on this knowledge women have to develop their own opinions and learn to make decisions against male domination, concerning all parts of their lives.<\/p>\n<p><strong>On Organization<\/strong><\/p>\n<p>Without organization, neither country nor life can be liberated. Organization is especially important for women. The patriarchal system and male power have always tried to exclude women from social organization in order to bring them under their control. It has tried to separate women from each other and leave them alone under male oppression. As no one can become free by oneself, one of the patriarchy\u2019s biggest achievements is to prevent the organization of women.<\/p>\n<p>Therefore, becoming organized, getting to know each other, not staying alone, and developing a free will are fundamental necessities for women\u2019s liberation. Women who become organized stand united against the system of male domination, tyranny of the state, gangs like Daesh and the fascist mentality.<\/p>\n<p>That\u2019s why, there is a great need for \u00cazid\u00ee women to get organized. When women fight in an organized way on their lands and based on their culture, that has risen through thousand of years, they become free. When women become free, they become beautiful and women who become beautiful are being loved. As TAJ\u00ca, we consider this principle essential for a free and equal society.<\/p>\n<p>TAJ\u00ca organizes itself in the form of communes and establishes self-governing women\u2019s councils throughout \u015eengal. It established its own committees, such as the committees for education, economy, culture and arts, diplomacy and health. It furthermore builds up relations with women\u2019s organizations of other ethnicity and religions including Kurds, Arabs, Assyrians, and Chaldean Catholics.<\/p>\n<p><strong>On Self-defense<\/strong><\/p>\n<p>Organized women can achieve their goals through struggle. This struggle is waged under all conditions and circumstances. It is directed against all forms of domination, including mental, social and political domination, oppression in the name of marriage, beatings, murders, insults, rape of women\u2019s bodies, disrespect of women\u2019s will, and any other despicable behavior, that aims to make woman worthless. The organized struggle of women can defeat all of these forms of domination. Every woman has the right to defend herself against violence, be it at home or in public, and against all other attacks on the free will and life of women.<\/p>\n<p>Just as every living being in nature has its own self-defense, it is also the natural right of women to protect themselves. The self-defense against the mindset of male domination through a free will as well as the self-defense against all kinds of massacres, murder, assimilation and femicide through a strong organization are essential for women. A free and democratic life can only be established with the protection of your homeland, your society, your soil, your community, your religion and your culture.<\/p>\n<p><strong>On Struggle<\/strong><\/p>\n<p>TAJ\u00ca fights against the structure and mentality of the oppressive and authoritarian patriarchal system while rooting itself in the principles of women\u2019s freedom. Furthermore, it resists against sexist attacks by the dominant male mentality as well as by dominant states and organizations. Women are attacked in the family and on the streets. They are suppressed and get banished. They face violence and so called \u201chonor-killings\u201d. TAJ\u00ca confronts this violence directed against women within families, society and at work.<\/p>\n<p>For the self-defense against all these attacks, it is essential that \u00cazid\u00ee women struggle based on a free thought and free will. They must be trained, educated and organized in all fields of life. Creating democratic, free and equal organizations for women must be the basis for all other forms of social organization. TAJ\u00ca is founded on this basis. It participates in all social activities, be it in the fields of politics, economic, culture, diplomacy, law, education, communication or health. This fight is necessary for the protection and freedom of the \u00cazid\u00ee faith, community and homeland. It is necessary to break the history of 74. genocides and femicides (ferman).<\/p>\n<p>&nbsp;<\/p>\n<p>It has been said that history has always been written by the dominant male forces. But if you ask the<br \/>\ngods they will tell you that history can be found in the reality of \u00cazid\u00ee women who beautify<br \/>\nthemselves with the rays of the sun. They will tell you that from Mitra to Xat\u00fbna Fexran and from Zer\u00eefa Os\u00ea to \u015eeh\u00eed B\u00ear\u00eevan \u015eengal\u00ee resistance, freedom and survival has never stopped on the soil of Mesopotamia, the Cradle of Humankind.\u00a0 Until the right history will be written, the resistance of women will continue to arise like fire.<\/p>\n<p>We would like to introduce the truth about the resistance and the reality of the \u00cazid\u00ee women through this website.<\/p>\n","protected":false},"excerpt":{"rendered":"<p>Communal life is built around women. Where women are strong, society is strong. As an answer to the genocide of August 3rd 2014 and in order to prevent further massacres, \u00cazid\u00ee women have started to organize. At the beginning, in 2015, they acted as a women\u2019s group for supporting and educating women with the goal &hellip;<\/p>\n","protected":false},"author":1,"featured_media":0,"parent":0,"menu_order":0,"comment_status":"closed","ping_status":"closed","template":"","meta":{"footnotes":""},"class_list":["post-28","page","type-page","status-publish","hentry"],"yoast_head":"<!-- This site is optimized with the Yoast SEO plugin v27.3 - https:\/\/yoast.com\/product\/yoast-seo-wordpress\/ -->\n<title>About TAJ\u00ca -<\/title>\n<meta name=\"robots\" content=\"index, follow, max-snippet:-1, max-image-preview:large, max-video-preview:-1\" \/>\n<link rel=\"canonical\" href=\"https:\/\/taje-shengal.com\/en\/about-us\/\" \/>\n<meta property=\"og:locale\" content=\"en_US\" \/>\n<meta property=\"og:type\" content=\"article\" \/>\n<meta property=\"og:title\" content=\"About TAJ\u00ca -\" \/>\n<meta property=\"og:description\" content=\"Communal life is built around women. Where women are strong, society is strong. As an answer to the genocide of August 3rd 2014 and in order to prevent further massacres, \u00cazid\u00ee women have started to organize. At the beginning, in 2015, they acted as a women\u2019s group for supporting and educating women with the goal &hellip;\" \/>\n<meta property=\"og:url\" content=\"https:\/\/taje-shengal.com\/en\/about-us\/\" \/>\n<meta property=\"article:modified_time\" content=\"2024-02-18T20:56:02+00:00\" \/>\n<meta name=\"twitter:card\" content=\"summary_large_image\" \/>\n<meta name=\"twitter:label1\" content=\"Est. reading time\" \/>\n\t<meta name=\"twitter:data1\" content=\"6 minutes\" \/>\n<script type=\"application\/ld+json\" class=\"yoast-schema-graph\">{\"@context\":\"https:\\\/\\\/schema.org\",\"@graph\":[{\"@type\":\"WebPage\",\"@id\":\"https:\\\/\\\/taje-shengal.com\\\/en\\\/about-us\\\/\",\"url\":\"https:\\\/\\\/taje-shengal.com\\\/en\\\/about-us\\\/\",\"name\":\"About TAJ\u00ca -\",\"isPartOf\":{\"@id\":\"https:\\\/\\\/taje-shengal.com\\\/en\\\/#website\"},\"datePublished\":\"2022-02-08T20:01:38+00:00\",\"dateModified\":\"2024-02-18T20:56:02+00:00\",\"breadcrumb\":{\"@id\":\"https:\\\/\\\/taje-shengal.com\\\/en\\\/about-us\\\/#breadcrumb\"},\"inLanguage\":\"en-US\",\"potentialAction\":[{\"@type\":\"ReadAction\",\"target\":[\"https:\\\/\\\/taje-shengal.com\\\/en\\\/about-us\\\/\"]}]},{\"@type\":\"BreadcrumbList\",\"@id\":\"https:\\\/\\\/taje-shengal.com\\\/en\\\/about-us\\\/#breadcrumb\",\"itemListElement\":[{\"@type\":\"ListItem\",\"position\":1,\"name\":\"Home\",\"item\":\"https:\\\/\\\/taje-shengal.com\\\/en\\\/\"},{\"@type\":\"ListItem\",\"position\":2,\"name\":\"About TAJ\u00ca\"}]},{\"@type\":\"WebSite\",\"@id\":\"https:\\\/\\\/taje-shengal.com\\\/en\\\/#website\",\"url\":\"https:\\\/\\\/taje-shengal.com\\\/en\\\/\",\"name\":\"\",\"description\":\"\",\"potentialAction\":[{\"@type\":\"SearchAction\",\"target\":{\"@type\":\"EntryPoint\",\"urlTemplate\":\"https:\\\/\\\/taje-shengal.com\\\/en\\\/?s={search_term_string}\"},\"query-input\":{\"@type\":\"PropertyValueSpecification\",\"valueRequired\":true,\"valueName\":\"search_term_string\"}}],\"inLanguage\":\"en-US\"}]}<\/script>\n<!-- \/ Yoast SEO plugin. -->","yoast_head_json":{"title":"About TAJ\u00ca -","robots":{"index":"index","follow":"follow","max-snippet":"max-snippet:-1","max-image-preview":"max-image-preview:large","max-video-preview":"max-video-preview:-1"},"canonical":"https:\/\/taje-shengal.com\/en\/about-us\/","og_locale":"en_US","og_type":"article","og_title":"About TAJ\u00ca -","og_description":"Communal life is built around women. Where women are strong, society is strong. As an answer to the genocide of August 3rd 2014 and in order to prevent further massacres, \u00cazid\u00ee women have started to organize. At the beginning, in 2015, they acted as a women\u2019s group for supporting and educating women with the goal &hellip;","og_url":"https:\/\/taje-shengal.com\/en\/about-us\/","article_modified_time":"2024-02-18T20:56:02+00:00","twitter_card":"summary_large_image","twitter_misc":{"Est. reading time":"6 minutes"},"schema":{"@context":"https:\/\/schema.org","@graph":[{"@type":"WebPage","@id":"https:\/\/taje-shengal.com\/en\/about-us\/","url":"https:\/\/taje-shengal.com\/en\/about-us\/","name":"About TAJ\u00ca -","isPartOf":{"@id":"https:\/\/taje-shengal.com\/en\/#website"},"datePublished":"2022-02-08T20:01:38+00:00","dateModified":"2024-02-18T20:56:02+00:00","breadcrumb":{"@id":"https:\/\/taje-shengal.com\/en\/about-us\/#breadcrumb"},"inLanguage":"en-US","potentialAction":[{"@type":"ReadAction","target":["https:\/\/taje-shengal.com\/en\/about-us\/"]}]},{"@type":"BreadcrumbList","@id":"https:\/\/taje-shengal.com\/en\/about-us\/#breadcrumb","itemListElement":[{"@type":"ListItem","position":1,"name":"Home","item":"https:\/\/taje-shengal.com\/en\/"},{"@type":"ListItem","position":2,"name":"About TAJ\u00ca"}]},{"@type":"WebSite","@id":"https:\/\/taje-shengal.com\/en\/#website","url":"https:\/\/taje-shengal.com\/en\/","name":"","description":"","potentialAction":[{"@type":"SearchAction","target":{"@type":"EntryPoint","urlTemplate":"https:\/\/taje-shengal.com\/en\/?s={search_term_string}"},"query-input":{"@type":"PropertyValueSpecification","valueRequired":true,"valueName":"search_term_string"}}],"inLanguage":"en-US"}]}},"_links":{"self":[{"href":"https:\/\/taje-shengal.com\/en\/wp-json\/wp\/v2\/pages\/28","targetHints":{"allow":["GET"]}}],"collection":[{"href":"https:\/\/taje-shengal.com\/en\/wp-json\/wp\/v2\/pages"}],"about":[{"href":"https:\/\/taje-shengal.com\/en\/wp-json\/wp\/v2\/types\/page"}],"author":[{"embeddable":true,"href":"https:\/\/taje-shengal.com\/en\/wp-json\/wp\/v2\/users\/1"}],"replies":[{"embeddable":true,"href":"https:\/\/taje-shengal.com\/en\/wp-json\/wp\/v2\/comments?post=28"}],"version-history":[{"count":5,"href":"https:\/\/taje-shengal.com\/en\/wp-json\/wp\/v2\/pages\/28\/revisions"}],"predecessor-version":[{"id":232,"href":"https:\/\/taje-shengal.com\/en\/wp-json\/wp\/v2\/pages\/28\/revisions\/232"}],"wp:attachment":[{"href":"https:\/\/taje-shengal.com\/en\/wp-json\/wp\/v2\/media?parent=28"}],"curies":[{"name":"wp","href":"https:\/\/api.w.org\/{rel}","templated":true}]}}